{"id":1595,"date":"2025-08-19T11:34:47","date_gmt":"2025-08-19T11:34:47","guid":{"rendered":"https:\/\/dewenter-tiefbau.de\/?page_id=1595"},"modified":"2025-09-22T12:55:34","modified_gmt":"2025-09-22T12:55:34","slug":"referenzen","status":"publish","type":"page","link":"https:\/\/dewenter-tiefbau.de\/en\/referenzen\/","title":{"rendered":"References"},"content":{"rendered":"<div class=\"fusion-fullwidth fullwidth-box fusion-builder-row-1 fusion-flex-container has-pattern-background has-mask-background nonhundred-percent-fullwidth non-hundred-percent-height-scrolling\" style=\"--awb-border-radius-top-left:0px;--awb-border-radius-top-right:0px;--awb-border-radius-bottom-right:0px;--awb-border-radius-bottom-left:0px;--awb-flex-wrap:wrap;\" ><div class=\"fusion-builder-row fusion-row fusion-flex-align-items-flex-start fusion-flex-content-wrap\" style=\"max-width:1216.8px;margin-left: calc(-4% \/ 2 );margin-right: calc(-4% \/ 2 );\"><div class=\"fusion-layout-column fusion_builder_column fusion-builder-column-0 fusion_builder_column_1_1 1_1 fusion-flex-column\" style=\"--awb-bg-size:cover;--awb-width-large:100%;--awb-margin-top-large:0px;--awb-spacing-right-large:1.92%;--awb-margin-bottom-large:0px;--awb-spacing-left-large:1.92%;--awb-width-medium:100%;--awb-order-medium:0;--awb-spacing-right-medium:1.92%;--awb-spacing-left-medium:1.92%;--awb-width-small:100%;--awb-order-small:0;--awb-spacing-right-small:1.92%;--awb-spacing-left-small:1.92%;\"><div class=\"fusion-column-wrapper fusion-column-has-shadow fusion-flex-justify-content-flex-start fusion-content-layout-column\"><div class=\"fusion-text fusion-text-1 fusion-text-no-margin\" style=\"--awb-margin-bottom:60px;\"><p class=\"my-2 &#091;&amp;+p&#093;:mt-4 &#091;&amp;_strong:has(+br)&#093;:inline-block &#091;&amp;_strong:has(+br)&#093;:pb-2\">As a reliable partner in civil engineering, pipeline construction, sewer and road construction, and infrastructure development, we have successfully delivered numerous projects in recent years for cities, municipalities, utility companies, and private clients.<\/p>\n<p class=\"my-2 &#091;&amp;+p&#093;:mt-4 &#091;&amp;_strong:has(+br)&#093;:inline-block &#091;&amp;_strong:has(+br)&#093;:pb-2\">Our work has covered a broad range of services \u2014 from the renewal of water and gas pipelines to sewer rehabilitation, road construction, and large-scale infrastructure development for new residential areas.<\/p>\n<\/div>\n<div class=\"table-2 fusion-animated\" data-animationtype=\"fadeInLeft\" data-animationduration=\"0.3\" data-animationoffset=\"top-into-view\">\n<table width=\"100%\">\n<thead>\n<tr>\n<th align=\"left\"><span style=\"color: #ffffff;\">Client<\/span><\/th>\n<th align=\"left\"><span style=\"color: #ffffff;\">Project<\/span><\/th>\n<th align=\"left\"><span style=\"color: #ffffff;\">Project Type<\/span><\/th>\n<\/tr>\n<\/thead>\n<tbody>\n<tr>\n<td align=\"left\"><span style=\"font-weight: 400; color: #000000;\">Stadtwerke Wismar<\/span><\/td>\n<td align=\"left\"><span style=\"color: #000000;\">Erneuerung Rohwasserleitung Wasserwerk Friedenshof<\/span><\/td>\n<td align=\"left\"><span style=\"color: #000000;\">Tief- und Rohrleitungsbau<\/span><\/td>\n<\/tr>\n<tr>\n<td align=\"left\"><span style=\"color: #000000;\">St\u00e4dtische Betriebe Eutin<\/span><\/td>\n<td align=\"left\"><span style=\"color: #000000;\">Bahnhofstra\u00dfe Eutin<\/span><\/td>\n<td align=\"left\"><span style=\"color: #000000;\">Tief- und Rohrleitungsbau, Kanalbau &amp; Stra\u00dfenbau<\/span><\/td>\n<\/tr>\n<tr>\n<td align=\"left\"><span style=\"color: #000000;\">Trave Netz L\u00fcbeck<\/span><\/td>\n<td align=\"left\"><span style=\"color: #000000;\">Austausch Gas- und Wasserleitung<\/span><\/td>\n<td align=\"left\"><span style=\"color: #000000;\">Tief- und Rohrleitungsbau<\/span><\/td>\n<\/tr>\n<tr>\n<td align=\"left\"><span style=\"font-weight: 400; color: #000000;\">EVB Wismar<\/span><\/td>\n<td align=\"left\"><span style=\"color: #000000;\">Ausbau Regenr\u00fcckhaltebecken<\/span><\/td>\n<td align=\"left\"><span style=\"color: #000000;\">Kanal- und Stra\u00dfenbau, Erdarbeiten<\/span><\/td>\n<\/tr>\n<tr>\n<td align=\"left\"><span style=\"color: #000000;\">Landkreis Nordwestmecklenburg<\/span><\/td>\n<td align=\"left\"><span style=\"color: #000000;\">Erneuerung Schulhof Gymnasium Wismar<\/span><\/td>\n<td align=\"left\"><span style=\"color: #000000;\">Kanal- und Stra\u00dfenbau<\/span><\/td>\n<\/tr>\n<tr>\n<td align=\"left\"><span style=\"color: #000000;\">Stadtwerke Wismar<\/span><\/td>\n<td align=\"left\"><span style=\"color: #000000;\">Wismar LOS 5, Trogbauwerk<\/span><\/td>\n<td align=\"left\"><span style=\"color: #000000;\">Tief- und Rohrleitungsbau, Kanalbau &amp; Stra\u00dfenbau<\/span><\/td>\n<\/tr>\n<tr>\n<td align=\"left\"><span style=\"color: #000000;\">Trave Netz L\u00fcbeck<\/span><\/td>\n<td align=\"left\"><span style=\"color: #000000;\">Erneuerung Wasserleitungen<\/span><\/td>\n<td align=\"left\"><span style=\"color: #000000;\">Tief- und Rohrleitungsbau<\/span><\/td>\n<\/tr>\n<tr>\n<td align=\"left\"><span style=\"font-weight: 400; color: #000000;\">Trave Netz L\u00fcbeck<\/span><\/td>\n<td align=\"left\"><span style=\"color: #000000;\">Sanierung Wasser- \/ Gas<\/span><\/td>\n<td align=\"left\"><span style=\"color: #000000;\">Tief- und Rohrleitungsbau<\/span><\/td>\n<\/tr>\n<tr>\n<td align=\"left\"><span style=\"font-weight: 400; color: #000000;\">ZVO Ostholstein<\/span><\/td>\n<td align=\"left\"><span style=\"color: #000000;\">Scharbeutz G\u00f6rlitzer Stra\u00dfe und Oderstra\u00dfe<\/span><\/td>\n<td align=\"left\"><span style=\"color: #000000;\">Tief- und Rohrleitungsbau, Kanalbau &amp; Stra\u00dfenbau<\/span><\/td>\n<\/tr>\n<tr>\n<td align=\"left\"><span style=\"color: #000000;\">Stadtwerke Wismar<\/span><\/td>\n<td align=\"left\"><span style=\"color: #000000;\">Erneuerung Wasser \/ Gas, Fl\u00f6ter Weg Wismar<\/span><\/td>\n<td align=\"left\"><span style=\"color: #000000;\">Tief- und Rohrleitungsbau<\/span><\/td>\n<\/tr>\n<tr>\n<td align=\"left\"><span style=\"color: #000000;\">Trave Netz L\u00fcbeck<\/span><\/td>\n<td align=\"left\"><span style=\"color: #000000;\">Rohwasserleitung Brunnen 14, Klein Disnack<\/span><\/td>\n<td align=\"left\"><span style=\"color: #000000;\">Tief- und Rohrleitungsbau<\/span><\/td>\n<\/tr>\n<tr>\n<td align=\"left\"><span style=\"color: #000000;\">ZVO Ostholstein<\/span><\/td>\n<td align=\"left\"><span style=\"color: #000000;\">Trinkwasserleitung, Sarau Kambeck<\/span><\/td>\n<td align=\"left\"><span style=\"color: #000000;\">Tief- und Rohrleitungsbau<\/span><\/td>\n<\/tr>\n<tr>\n<td align=\"left\"><span style=\"color: #000000;\">L\u00fcbecker Bauverein eG<\/span><\/td>\n<td align=\"left\"><span style=\"color: #000000;\">B-Plan Ratzeburger Allee L\u00fcbeck<\/span><\/td>\n<td align=\"left\"><span style=\"font-weight: 400; color: #000000;\">Tief- und Rohrleitungsbau, Kanalbau &amp; Stra\u00dfenbau<\/span><\/td>\n<\/tr>\n<tr>\n<td align=\"left\"><span style=\"color: #000000;\">Zweckverband Obere Bille<\/span><\/td>\n<td align=\"left\"><span style=\"color: #000000;\">Ausbau Otto-Hahn-Str. Trittau<\/span><\/td>\n<td align=\"left\"><span style=\"font-weight: 400; color: #000000;\">Tief- und Rohrleitungsbau, Kanalbau &amp; Stra\u00dfenbau<\/span><\/td>\n<\/tr>\n<tr>\n<td align=\"left\"><span style=\"color: #000000;\">Trave Netz L\u00fcbeck<\/span><\/td>\n<td align=\"left\"><span style=\"color: #000000;\">Schnitterweg in L\u00fcbeck<\/span><\/td>\n<td align=\"left\"><span style=\"color: #000000;\">Tief- und Rohrleitungsbau<\/span><\/td>\n<\/tr>\n<tr>\n<td align=\"left\"><span style=\"color: #000000;\">Stadtwerke Wismar<\/span><\/td>\n<td align=\"left\"><span style=\"color: #000000;\">Erneuerung Wassernetz am Wei\u00dfen Stein<\/span><\/td>\n<td align=\"left\"><span style=\"color: #000000;\">Tief- und Rohrleitungsbau<\/span><\/td>\n<\/tr>\n<tr>\n<td align=\"left\"><span style=\"color: #000000;\">Gemeinde Wentorf bei Hamburg<\/span><\/td>\n<td align=\"left\"><span style=\"color: #000000;\">Wentorf, Ausbau Ostlandstr.<\/span><\/td>\n<td align=\"left\"><span style=\"font-weight: 400; color: #000000;\">Tief- und Rohrleitungsbau, Kanalbau &amp; Stra\u00dfenbau<\/span><\/td>\n<\/tr>\n<tr>\n<td align=\"left\"><span style=\"color: #000000;\">Stadtwerke Wismar<\/span><\/td>\n<td align=\"left\"><span style=\"color: #000000;\">Erneuerung Rohwasserleitung DN400 Fl\u00f6ter Weg<\/span><\/td>\n<td align=\"left\"><span style=\"color: #000000;\">Tief- und Rohrleitungsbau<\/span><\/td>\n<\/tr>\n<tr>\n<td align=\"left\"><span style=\"color: #000000;\">Norddeutsche Pflanzenzucht<\/span><\/td>\n<td align=\"left\"><span style=\"color: #000000;\">B-Plan 38 Niendorf, Insel Poel<\/span><\/td>\n<td align=\"left\"><span style=\"color: #000000;\">Erschlie\u00dfung<\/span><\/td>\n<\/tr>\n<tr>\n<td align=\"left\"><span style=\"color: #000000;\">Stadtwerke Wismar<\/span><\/td>\n<td align=\"left\"><span style=\"color: #000000;\">Erneuerung Wasser Koschenort Wismar<\/span><\/td>\n<td align=\"left\"><span style=\"color: #000000;\">Tief- und Rohrleitungsbau<\/span><\/td>\n<\/tr>\n<tr>\n<td align=\"left\"><span style=\"color: #000000;\">Gemeinde Stockelsdorf<\/span><\/td>\n<td align=\"left\"><span style=\"color: #000000;\">Ausbau Wilhelm-Westphal-Stra\u00dfe, Stockelsdorf<\/span><\/td>\n<td align=\"left\"><span style=\"font-weight: 400; color: #000000;\">Tief- und Rohrleitungsbau, Kanalbau &amp; Stra\u00dfenbau<\/span><\/td>\n<\/tr>\n<tr>\n<td align=\"left\"><span style=\"color: #000000;\">Trave Netz L\u00fcbeck<\/span><\/td>\n<td align=\"left\"><span style=\"color: #000000;\">Erneuerung Wasserleitungen in Wullenweverstr.<\/span><\/td>\n<td align=\"left\"><span style=\"color: #000000;\">Tief- und Rohrleitungsbau<\/span><\/td>\n<\/tr>\n<tr>\n<td align=\"left\"><span style=\"color: #000000;\">Abwasserbetriebe Bargteheide<\/span><\/td>\n<td align=\"left\"><span style=\"color: #000000;\">Kanalsanierung<\/span><\/td>\n<td align=\"left\"><span style=\"font-weight: 400; color: #000000;\">Kanal- und Stra\u00dfenbau<\/span><\/td>\n<\/tr>\n<tr>\n<td align=\"left\"><span style=\"color: #000000;\">Trave Netz L\u00fcbeck<\/span><\/td>\n<td align=\"left\"><span style=\"color: #000000;\">Wasserversorgung im Wischhof Weg<\/span><\/td>\n<td align=\"left\"><span style=\"color: #000000;\">Tief- und Rohrleitungsbau<\/span><\/td>\n<\/tr>\n<tr>\n<td align=\"left\"><span style=\"color: #000000;\">Stadtwerke Wismar<\/span><\/td>\n<td align=\"left\"><span style=\"color: #000000;\">Wassernetzerneurung in Wismar, Am Baumfeld<\/span><\/td>\n<td align=\"left\"><span style=\"color: #000000;\">Tief- und Rohrleitungsbau<\/span><\/td>\n<\/tr>\n<tr>\n<td align=\"left\"><span style=\"color: #000000;\">Trave Netz L\u00fcbeck<\/span><\/td>\n<td align=\"left\"><span style=\"color: #000000;\">Im Ende, L\u00fcbeck &#8211; Wasserversorgung<\/span><\/td>\n<td align=\"left\"><span style=\"color: #000000;\">Tief- und Rohrleitungsbau<\/span><\/td>\n<\/tr>\n<tr>\n<td align=\"left\"><span style=\"color: #000000;\">EBL L\u00fcbeck<\/span><\/td>\n<td align=\"left\"><span style=\"color: #000000;\">Kanalsanierung Brandenbaumer Landstr.<\/span><\/td>\n<td align=\"left\"><span style=\"color: #000000;\">Kanal- und Stra\u00dfenbau<\/span><\/td>\n<\/tr>\n<tr>\n<td align=\"left\"><span style=\"color: #000000;\">Gemeinde Stockelsdorf<\/span><\/td>\n<td align=\"left\"><span style=\"color: #000000;\">Regenwasserleitung<\/span><\/td>\n<td align=\"left\"><span style=\"color: #000000;\">Kanal- und Stra\u00dfenbau<\/span><\/td>\n<\/tr>\n<tr>\n<td align=\"left\"><span style=\"color: #000000;\">Trave Netz L\u00fcbeck<\/span><\/td>\n<td align=\"left\"><span style=\"color: #000000;\">Ratzeburger Allee, L\u00fcbeck<\/span><\/td>\n<td align=\"left\"><span style=\"color: #000000;\">Tief- und Rohrleitungsbau<\/span><\/td>\n<\/tr>\n<tr>\n<td align=\"left\"><span style=\"color: #000000;\">Kolk 17 gGmbH<\/span><\/td>\n<td align=\"left\"><span style=\"color: #000000;\">Kolk 17, Stra\u00dfenbauma\u00dfnahmen<\/span><\/td>\n<td align=\"left\"><span style=\"color: #000000;\">Kanal- und Stra\u00dfenbau<\/span><\/td>\n<\/tr>\n<tr>\n<td align=\"left\"><span style=\"color: #000000;\">Gemeinde Stockelsdorf<\/span><\/td>\n<td align=\"left\"><span style=\"color: #000000;\">Erschlie\u00dfung B-Plan<\/span><\/td>\n<td align=\"left\"><span style=\"font-weight: 400; color: #000000;\">Tief- und Rohrleitungsbau, Kanalbau &amp; Stra\u00dfenbau<\/span><\/td>\n<\/tr>\n<tr>\n<td align=\"left\"><span style=\"color: #000000;\">IAG Selmsdorf<\/span><\/td>\n<td align=\"left\"><span style=\"color: #000000;\">\u00c4nderung Brauchwasser<\/span><\/td>\n<td align=\"left\"><span style=\"font-weight: 400; color: #000000;\">Tief- und Rohrleitungsbau, Kanalbau &amp; Stra\u00dfenbau<\/span><\/td>\n<\/tr>\n<tr>\n<td align=\"left\"><span style=\"color: #000000;\">Grundst\u00fccksentwicklungsgesellschaft Howingsbrook<\/span><\/td>\n<td align=\"left\"><span style=\"color: #000000;\">Erschlie\u00dfung Neubaugebiet<\/span><\/td>\n<td align=\"left\"><span style=\"font-weight: 400; color: #000000;\">Tief- und Rohrleitungsbau, Kanalbau &amp; Stra\u00dfenbau<\/span><\/td>\n<\/tr>\n<tr>\n<td align=\"left\"><span style=\"color: #000000;\">Gemeinde Kalkhorst<\/span><\/td>\n<td align=\"left\"><span style=\"color: #000000;\">Errichtung Multifunktionsgeb\u00e4ude<\/span><\/td>\n<td align=\"left\"><span style=\"font-weight: 400; color: #000000;\">Tief- und Rohrleitungsbau, Kanalbau &amp; Stra\u00dfenbau<\/span><\/td>\n<\/tr>\n<tr>\n<td align=\"left\"><span style=\"color: #000000;\">Zweckverband S\u00fcdstromarn<\/span><\/td>\n<td align=\"left\"><span style=\"color: #000000;\">Neubau Regenkl\u00e4rschacht, Barsb\u00fcttel<\/span><\/td>\n<td align=\"left\"><span style=\"color: #000000;\">Tief- und Kanalbau<\/span><\/td>\n<\/tr>\n<\/tbody>\n<\/table>\n<\/div>\n<\/div><\/div><\/div><\/div>","protected":false},"excerpt":{"rendered":"","protected":false},"author":1,"featured_media":0,"parent":0,"menu_order":0,"comment_status":"closed","ping_status":"open","template":"","meta":{"footnotes":""},"class_list":["post-1595","page","type-page","status-publish","hentry"],"_links":{"self":[{"href":"https:\/\/dewenter-tiefbau.de\/en\/wp-json\/wp\/v2\/pages\/1595","targetHints":{"allow":["GET"]}}],"collection":[{"href":"https:\/\/dewenter-tiefbau.de\/en\/wp-json\/wp\/v2\/pages"}],"about":[{"href":"https:\/\/dewenter-tiefbau.de\/en\/wp-json\/wp\/v2\/types\/page"}],"author":[{"embeddable":true,"href":"https:\/\/dewenter-tiefbau.de\/en\/wp-json\/wp\/v2\/users\/1"}],"replies":[{"embeddable":true,"href":"https:\/\/dewenter-tiefbau.de\/en\/wp-json\/wp\/v2\/comments?post=1595"}],"version-history":[{"count":13,"href":"https:\/\/dewenter-tiefbau.de\/en\/wp-json\/wp\/v2\/pages\/1595\/revisions"}],"predecessor-version":[{"id":1648,"href":"https:\/\/dewenter-tiefbau.de\/en\/wp-json\/wp\/v2\/pages\/1595\/revisions\/1648"}],"wp:attachment":[{"href":"https:\/\/dewenter-tiefbau.de\/en\/wp-json\/wp\/v2\/media?parent=1595"}],"curies":[{"name":"wp","href":"https:\/\/api.w.org\/{rel}","templated":true}]}}