{"id":1666,"date":"2025-08-19T14:55:25","date_gmt":"2025-08-19T14:55:25","guid":{"rendered":"https:\/\/dewenter-tiefbau.de\/?page_id=1666"},"modified":"2026-03-26T12:56:52","modified_gmt":"2026-03-26T12:56:52","slug":"ausbildung","status":"publish","type":"page","link":"https:\/\/dewenter-tiefbau.de\/en\/ausbildung\/","title":{"rendered":"Apprenticeship"},"content":{"rendered":"<div class=\"fusion-fullwidth fullwidth-box fusion-builder-row-1 fusion-flex-container has-pattern-background has-mask-background nonhundred-percent-fullwidth non-hundred-percent-height-scrolling\" style=\"--awb-border-radius-top-left:0px;--awb-border-radius-top-right:0px;--awb-border-radius-bottom-right:0px;--awb-border-radius-bottom-left:0px;--awb-flex-wrap:wrap;\" ><div class=\"fusion-builder-row fusion-row fusion-flex-align-items-flex-start fusion-flex-content-wrap\" style=\"max-width:1216.8px;margin-left: calc(-4% \/ 2 );margin-right: calc(-4% \/ 2 );\"><div class=\"fusion-layout-column fusion_builder_column fusion-builder-column-0 fusion_builder_column_2_3 2_3 fusion-flex-column\" style=\"--awb-bg-size:cover;--awb-width-large:66.666666666667%;--awb-margin-top-large:0px;--awb-spacing-right-large:2.88%;--awb-margin-bottom-large:0px;--awb-spacing-left-large:2.88%;--awb-width-medium:100%;--awb-order-medium:0;--awb-spacing-right-medium:1.92%;--awb-spacing-left-medium:1.92%;--awb-width-small:100%;--awb-order-small:0;--awb-spacing-right-small:1.92%;--awb-spacing-left-small:1.92%;\" data-scroll-devices=\"small-visibility,medium-visibility,large-visibility\"><div class=\"fusion-column-wrapper fusion-column-has-shadow fusion-flex-justify-content-flex-start fusion-content-layout-column\"><div class=\"fusion-text fusion-text-1 fusion-text-no-margin\" style=\"--awb-margin-bottom:60px;\"><h2 class=\"my-2 &#091;&amp;+p&#093;:mt-4 &#091;&amp;_strong:has(+br)&#093;:inline-block &#091;&amp;_strong:has(+br)&#093;:pb-2\">Ausbildung bei Dewenter Tiefbau GmbH &amp; Co. KG<\/h2>\n<p><span style=\"font-weight: 400;\">Wir bieten in der Regel pro Jahr 2 Ausbildungspl\u00e4tze als Tiefbaufacharbeiter an. Dabei werden M\u00f6glichkeiten f\u00fcr eine Spezialisierung in folgenden Fachrichtungen wie z.B <\/span><span style=\"font-weight: 400;\">Kanalbau<\/span><span style=\"font-weight: 400;\">, <\/span><span style=\"font-weight: 400;\">Rohrleitungsbau<\/span><span style=\"font-weight: 400;\"> und <\/span><span style=\"font-weight: 400;\">Stra\u00dfenbau<\/span><span style=\"font-weight: 400;\"> angeboten.<\/span><\/p>\n<p><span style=\"font-weight: 400;\">Im Einsatz auf den Baustellen f\u00fchrst du als Tiefbaufacharbeiterin oder Tiefbaufacharbeiter Erdarbeiten durch. Je nach M\u00f6glichkeit bist du speziell in den Abteilungen Stra\u00dfenbau, Rohrleitungsbau und Kanalbau t\u00e4tig.<\/span><\/p>\n<p><img decoding=\"async\" class=\"lazyload  wp-image-2019\" src=\"https:\/\/dewenter-tiefbau.de\/wp-content\/uploads\/2025\/09\/IMG_4947-scaled-e1758010835136.jpg\" data-orig-src=\"https:\/\/dewenter-tiefbau.de\/wp-content\/uploads\/2025\/09\/IMG_4947-scaled-e1758010835136.jpg\" alt=\"Ausbildung Dewenter\" width=\"1121\" height=\"812\" srcset=\"data:image\/svg+xml,%3Csvg%20xmlns%3D%27http%3A%2F%2Fwww.w3.org%2F2000%2Fsvg%27%20width%3D%271121%27%20height%3D%27812%27%20viewBox%3D%270%200%201121%20812%27%3E%3Crect%20width%3D%271121%27%20height%3D%27812%27%20fill-opacity%3D%220%22%2F%3E%3C%2Fsvg%3E\" data-srcset=\"https:\/\/dewenter-tiefbau.de\/wp-content\/uploads\/2025\/09\/IMG_4947-scaled-e1758010835136-200x145.jpg 200w, https:\/\/dewenter-tiefbau.de\/wp-content\/uploads\/2025\/09\/IMG_4947-scaled-e1758010835136-300x217.jpg 300w, https:\/\/dewenter-tiefbau.de\/wp-content\/uploads\/2025\/09\/IMG_4947-scaled-e1758010835136-400x290.jpg 400w, https:\/\/dewenter-tiefbau.de\/wp-content\/uploads\/2025\/09\/IMG_4947-scaled-e1758010835136-600x435.jpg 600w, https:\/\/dewenter-tiefbau.de\/wp-content\/uploads\/2025\/09\/IMG_4947-scaled-e1758010835136-768x557.jpg 768w, https:\/\/dewenter-tiefbau.de\/wp-content\/uploads\/2025\/09\/IMG_4947-scaled-e1758010835136-800x580.jpg 800w, https:\/\/dewenter-tiefbau.de\/wp-content\/uploads\/2025\/09\/IMG_4947-scaled-e1758010835136-1024x742.jpg 1024w, https:\/\/dewenter-tiefbau.de\/wp-content\/uploads\/2025\/09\/IMG_4947-scaled-e1758010835136-1200x870.jpg 1200w, https:\/\/dewenter-tiefbau.de\/wp-content\/uploads\/2025\/09\/IMG_4947-scaled-e1758010835136-1536x1113.jpg 1536w, https:\/\/dewenter-tiefbau.de\/wp-content\/uploads\/2025\/09\/IMG_4947-scaled-e1758010835136.jpg 2355w\" data-sizes=\"auto\" data-orig-sizes=\"(max-width: 1121px) 100vw, 1121px\" \/><\/p>\n<p><span style=\"font-weight: 400;\">Du solltest gerne im Team arbeiten und k\u00f6rperlich fit sein. Ein umsichtiges Agieren und handwerkliches Geschick rundet dein Profil ab.<\/span><\/p>\n<ul>\n<li style=\"font-weight: 400;\" aria-checked=\"false\" aria-level=\"1\"><span style=\"font-weight: 400;\">ein gutes Betriebsklima mit abwechslungsreichen T\u00e4tigkeiten<\/span><\/li>\n<li style=\"font-weight: 400;\" aria-checked=\"false\" aria-level=\"1\"><span style=\"font-weight: 400;\">30 Tage Urlaub im Jahr<\/span><\/li>\n<li style=\"font-weight: 400;\" aria-checked=\"false\" aria-level=\"1\"><span style=\"font-weight: 400;\">ein zukunftssicheren Arbeitsplatz<\/span><\/li>\n<li style=\"font-weight: 400;\" aria-checked=\"false\" aria-level=\"1\"><span style=\"font-weight: 400;\">betriebliche Altersvorsorge<\/span><\/li>\n<li style=\"font-weight: 400;\" aria-checked=\"false\" aria-level=\"1\"><span style=\"font-weight: 400;\">nach deiner Ausbildung kannst Du Dich individuell weiterbilden und beispielsweise die Ausbildung zum Rohrschwei\u00dfer\/-in, Bauger\u00e4tef\u00fchrer\/-in etc. draufpacken.<\/span><\/li>\n<li style=\"font-weight: 400;\" aria-checked=\"false\" aria-level=\"1\"><span style=\"font-weight: 400;\">eine \u00dcbernahmegarantie bei guter Leistung<\/span><\/li>\n<li style=\"font-weight: 400;\" aria-checked=\"false\" aria-level=\"1\"><span style=\"font-weight: 400;\">Kostenbeteiligung an verm\u00f6genswirksamen Leistungen<\/span><\/li>\n<li style=\"font-weight: 400;\" aria-checked=\"false\" aria-level=\"1\"><span style=\"font-weight: 400;\">hohe Ausbildungsverg\u00fctung (bis 1.495, &#8211; \u20ac im 3. Lehrjahr)<\/span><\/li>\n<li style=\"font-weight: 400;\" aria-checked=\"false\" aria-level=\"1\"><span style=\"font-weight: 400;\">intensive Betreuung w\u00e4hrend der Ausbildung<\/span><\/li>\n<li style=\"font-weight: 400;\" aria-checked=\"false\" aria-level=\"1\"><span style=\"font-weight: 400;\">Fahrtkostenerstattung bei Ausw\u00e4rtiger Unterbringung<\/span><\/li>\n<li style=\"font-weight: 400;\" aria-checked=\"false\" aria-level=\"1\"><span style=\"font-weight: 400;\">Bonuszahlungen bei erfolgreichen Ausbildungsabschluss<\/span><\/li>\n<li style=\"font-weight: 400;\" aria-checked=\"false\" aria-level=\"1\"><span style=\"font-weight: 400;\">Ausstattung mit Arbeitskleidung und Werkzeugen<\/span><\/li>\n<li style=\"font-weight: 400;\" aria-checked=\"false\" aria-level=\"1\"><span style=\"font-weight: 400;\">feste Arbeitszeiten von Montag bis Freitag<\/span><\/li>\n<\/ul>\n<\/div><\/div><\/div><div class=\"fusion-layout-column fusion_builder_column fusion-builder-column-1 fusion_builder_column_1_3 1_3 fusion-flex-column\" style=\"--awb-bg-size:cover;--awb-width-large:33.333333333333%;--awb-margin-top-large:0px;--awb-spacing-right-large:5.76%;--awb-margin-bottom-large:0px;--awb-spacing-left-large:5.76%;--awb-width-medium:100%;--awb-order-medium:0;--awb-spacing-right-medium:1.92%;--awb-spacing-left-medium:1.92%;--awb-width-small:100%;--awb-order-small:0;--awb-spacing-right-small:1.92%;--awb-spacing-left-small:1.92%;\" data-scroll-devices=\"small-visibility,medium-visibility,large-visibility\"><div class=\"fusion-column-wrapper fusion-column-has-shadow fusion-flex-justify-content-flex-start fusion-content-layout-column\"><div class=\"fusion-text fusion-text-2 fusion-text-no-margin\" style=\"--awb-margin-bottom:60px;\"><h3><strong>Bewerbe dich gleich hier:<\/strong><\/h3>\n<p><span style=\"font-weight: 400;\">Dewenter Tiefbau GmbH &amp; Co. KG<br \/>\n<\/span><span style=\"font-weight: 400;\">Am Torney 2<br \/>\n<\/span><span style=\"font-weight: 400;\">23970 Wismar<br \/>\n<\/span><span style=\"font-weight: 400;\">Telefon: 03841\/261600<\/span><span style=\"font-weight: 400;\"><br \/>\n<\/span><span style=\"font-weight: 400;\">info[at]dewenter-tiefbau.de<\/span><\/p>\n<\/div><\/div><\/div><\/div><\/div>\n","protected":false},"excerpt":{"rendered":"","protected":false},"author":1,"featured_media":0,"parent":0,"menu_order":0,"comment_status":"closed","ping_status":"open","template":"","meta":{"footnotes":""},"class_list":["post-1666","page","type-page","status-publish","hentry"],"_links":{"self":[{"href":"https:\/\/dewenter-tiefbau.de\/en\/wp-json\/wp\/v2\/pages\/1666","targetHints":{"allow":["GET"]}}],"collection":[{"href":"https:\/\/dewenter-tiefbau.de\/en\/wp-json\/wp\/v2\/pages"}],"about":[{"href":"https:\/\/dewenter-tiefbau.de\/en\/wp-json\/wp\/v2\/types\/page"}],"author":[{"embeddable":true,"href":"https:\/\/dewenter-tiefbau.de\/en\/wp-json\/wp\/v2\/users\/1"}],"replies":[{"embeddable":true,"href":"https:\/\/dewenter-tiefbau.de\/en\/wp-json\/wp\/v2\/comments?post=1666"}],"version-history":[{"count":12,"href":"https:\/\/dewenter-tiefbau.de\/en\/wp-json\/wp\/v2\/pages\/1666\/revisions"}],"predecessor-version":[{"id":2131,"href":"https:\/\/dewenter-tiefbau.de\/en\/wp-json\/wp\/v2\/pages\/1666\/revisions\/2131"}],"wp:attachment":[{"href":"https:\/\/dewenter-tiefbau.de\/en\/wp-json\/wp\/v2\/media?parent=1666"}],"curies":[{"name":"wp","href":"https:\/\/api.w.org\/{rel}","templated":true}]}}